{"id":175,"date":"2021-06-16T10:33:20","date_gmt":"2021-06-16T09:33:20","guid":{"rendered":"https:\/\/keez.eus\/partaideak\/"},"modified":"2021-07-12T06:55:32","modified_gmt":"2021-07-12T05:55:32","slug":"participantes","status":"publish","type":"page","link":"https:\/\/keez.eus\/es\/participantes\/","title":{"rendered":"Participantes"},"content":{"rendered":"<section class=\"l-section wpb_row height_medium\"><div class=\"l-section-h i-cf\"><div class=\"g-cols vc_row via_flex valign_top type_default stacking_default\"><div class=\"vc_col-sm-12 wpb_column vc_column_container\"><div class=\"vc_column-inner\"><div class=\"wpb_wrapper\"><div class=\"wpb_text_column us_custom_2821f3fb has_text_color\"><div class=\"wpb_wrapper\"><h2>Participantes<\/h2>\n<\/div><\/div><div class=\"g-cols wpb_row via_flex valign_top type_default stacking_default\"><div class=\"vc_col-sm-4 wpb_column vc_column_container\"><div class=\"vc_column-inner\"><div class=\"wpb_wrapper\"><div class=\"w-vwrapper align_none valign_top\"><div class=\"w-image align_none\"><div class=\"w-image-h\"><img decoding=\"async\" width=\"285\" height=\"107\" src=\"https:\/\/keez.eus\/wp-content\/uploads\/2021\/07\/artez.png\" class=\"attachment-full size-full\" alt=\"\" loading=\"lazy\" \/><\/div><\/div><div class=\"wpb_text_column\"><div class=\"wpb_wrapper\"><p>Artez<\/p>\n<p>Luzarra, 10 \u2013 Bilbo (Bizkaia)<br \/>\n944 480 000<br \/>\n<a href=\"mailto:posta@artez.eus\">posta@artez.eus<\/a><br \/>\n<a href=\"https:\/\/artez.eus\/\">www.artez.eus\/<\/a><\/p>\n<\/div><\/div><\/div><\/div><\/div><\/div><div class=\"vc_col-sm-4 wpb_column vc_column_container\"><div class=\"vc_column-inner\"><div class=\"wpb_wrapper\"><div class=\"w-vwrapper align_none valign_top\"><div class=\"w-image align_none\"><div class=\"w-image-h\"><img decoding=\"async\" width=\"285\" height=\"107\" src=\"https:\/\/keez.eus\/wp-content\/uploads\/2021\/06\/45BAF6F0CD3D499EB558A43BC70969EC-1.png\" class=\"attachment-full size-full\" alt=\"\" loading=\"lazy\" \/><\/div><\/div><div class=\"wpb_text_column\"><div class=\"wpb_wrapper\"><p>Dualia es una empresa que ofrece servicios de interpretaci\u00f3n remota, ya sea a trav\u00e9s de videoconferencia o telef\u00f3nica con m\u00e1s de 10 a\u00f1os de experiencia en el sector.<br \/>\nServicios de interpretaci\u00f3n y gesti\u00f3n de sala para webinars y reuniones a trav\u00e9s de la plataforma zoom.<\/p>\n<p>Goiru 1, PT Garaia 20500 Arrasate<br \/>\n943715670<br \/>\n<a href=\"mailto:comercial@dualia.es\">comercial@dualia.es<\/a><br \/>\n<a href=\"http:\/\/www.dualia.es\/\">www.dualia.es<\/a><\/p>\n<\/div><\/div><\/div><\/div><\/div><\/div><div class=\"vc_col-sm-4 wpb_column vc_column_container\"><div class=\"vc_column-inner\"><div class=\"wpb_wrapper\"><div class=\"w-vwrapper align_none valign_top\"><div class=\"w-image align_none\"><div class=\"w-image-h\"><img decoding=\"async\" width=\"285\" height=\"107\" src=\"https:\/\/keez.eus\/wp-content\/uploads\/2021\/06\/000_emun_lemarekin_B_kolorea.png\" class=\"attachment-full size-full\" alt=\"\" loading=\"lazy\" \/><\/div><\/div><div class=\"wpb_text_column\"><div class=\"wpb_wrapper\"><p>Ofrecemos servicios en diferentes \u00e1mbitos como planes de euskera, traducciones, formaci\u00f3n en euskera, sesiones de reflexi\u00f3n, gobernanza, diversidad, igual de g\u00e9nero, plataformas de innovaci\u00f3n y desarrollamos proyectos en \u00e1reas de responsabilidad social, desde una cultura participativa y paritaria.<\/p>\n<p>Uriburu 9, behea.<br \/>\nARRASATE \/ ANDOAIN \/ BERRIOZAR \/ BILBO<br \/>\n943711847<br \/>\n<a href=\"mailto:emun@emun.eus\" target=\"_blank\" rel=\"noopener\">emun@emun.eus<\/a><br \/>\n<a href=\"http:\/\/www.emun.eus\" target=\"_blank\" rel=\"noopener\">www.emun.eus<\/a><\/p>\n<\/div><\/div><\/div><\/div><\/div><\/div><\/div><div class=\"g-cols wpb_row us_custom_72fc42ef via_flex valign_top type_default stacking_default\"><div class=\"vc_col-sm-4 wpb_column vc_column_container\"><div class=\"vc_column-inner\"><div class=\"wpb_wrapper\"><div class=\"w-vwrapper align_none valign_top\"><div class=\"w-image align_none\"><div class=\"w-image-h\"><img decoding=\"async\" width=\"285\" height=\"107\" src=\"https:\/\/keez.eus\/wp-content\/uploads\/2021\/06\/mondragon-lingua.png\" class=\"attachment-full size-full\" alt=\"\" loading=\"lazy\" \/><\/div><\/div><div class=\"wpb_text_column\"><div class=\"wpb_wrapper\"><p>Ofrecemos servicio de interpretaci\u00f3n, servicio de traducci\u00f3n, traducci\u00f3n autom\u00e1tica, gesti\u00f3n e implantaci\u00f3n del plan ling\u00fc\u00edstico.<\/p>\n<p>Araba Etorbidea 4. Arrasate (Gipuzkoa)<br \/>\n943 71 20 55<br \/>\n<a class=\"moz-txt-link-abbreviated\" href=\"mailto:informacion@mondragonlingua.com\">informacion@mondragonlingua.com<\/a><br \/>\n<a class=\"moz-txt-link-abbreviated\" href=\"http:\/\/www.mondragonlingua.com\/\">www.mondragonlingua.com<\/a><\/p>\n<\/div><\/div><\/div><\/div><\/div><\/div><div class=\"vc_col-sm-4 wpb_column vc_column_container\"><div class=\"vc_column-inner\"><div class=\"wpb_wrapper\"><div class=\"w-vwrapper align_none valign_top\"><div class=\"w-image align_none\"><div class=\"w-image-h\"><img decoding=\"async\" width=\"285\" height=\"107\" src=\"https:\/\/keez.eus\/wp-content\/uploads\/2021\/06\/UZEI.png\" class=\"attachment-full size-full\" alt=\"\" loading=\"lazy\" \/><\/div><\/div><div class=\"wpb_text_column\"><div class=\"wpb_wrapper\"><p>El Centro de Terminolog\u00eda y Lexicograf\u00eda UZEI es un grupo de trabajo que ofrece servicios de valor a\u00f1adido en el \u00e1mbito del uso de la lengua.<br \/>\nEl an\u00e1lisis y la gesti\u00f3n del l\u00e9xico vasco nos ha llevado a ofrecer servicios ling\u00fc\u00edsticos de calidad. Por decisi\u00f3n de Euskaltzaindia, UZEI es la instituci\u00f3n adscrita de Euskaltzaindia y la primera instituci\u00f3n que ha recibido ese reconocimiento.<br \/>\nActualmente, adem\u00e1s del euskera, gestionamos y traducimos otras lenguas.<\/p>\n<p>Aldapeta 20, 20009 Donostia<br \/>\n943 47 33 77<br \/>\n<a href=\"mailto:uzei@uzei.eus\">uzei@uzei.eus<\/a><br \/>\n<a href=\"http:\/\/uzei.eus\">www.uzei.eus<\/a><\/p>\n<\/div><\/div><\/div><\/div><\/div><\/div><div class=\"vc_col-sm-4 wpb_column vc_column_container\"><div class=\"vc_column-inner\"><div class=\"wpb_wrapper\"><div class=\"w-vwrapper align_none valign_top\"><div class=\"w-image align_none\"><div class=\"w-image-h\"><img decoding=\"async\" width=\"285\" height=\"107\" src=\"https:\/\/keez.eus\/wp-content\/uploads\/2021\/07\/iametza.png\" class=\"attachment-full size-full\" alt=\"\" loading=\"lazy\" \/><\/div><\/div><\/div><div class=\"wpb_text_column\"><div class=\"wpb_wrapper\"><p>Somos una empresa de tecnolog\u00eda y comunicaci\u00f3n que ofrece servicios a medida. En este proyecto hemos creado la aplicaci\u00f3n para ofrecer informaci\u00f3n de eventos culturales en diferentes idiomas y realizaremos adaptaciones a la medida de dicha aplicaci\u00f3n, ajust\u00e1ndonos a las necesidades y deseos de los organizadores de cada evento.<\/p>\n<p><span class=\"LrzXr\">Zirkuitu ibilbidea, 2, 1 Pabilioia<br \/>\n20160 Lasarte-Oria, Gipuzkoa<\/span><br \/>\n<span class=\"LrzXr zdqRlf kno-fv\">943 37 67 16<\/span><br \/>\n<a href=\"mailto:kaixo@iametza.eus\">kaixo@iametza.eus<\/a><br \/>\n<a href=\"http:\/\/www.iametza.eus\">www.iametza.eus<\/a><\/p>\n<\/div><\/div><\/div><\/div><\/div><\/div><\/div><\/div><\/div><\/div><\/div><\/section>\n","protected":false},"excerpt":{"rendered":"Participantes Artez Luzarra, 10 \u2013 Bilbo (Bizkaia) 944 480 000 posta@artez.eus www.artez.eus\/ Dualia es una empresa que ofrece servicios de interpretaci\u00f3n remota, ya sea a trav\u00e9s de videoconferencia o telef\u00f3nica con m\u00e1s de 10 a\u00f1os de experiencia en el sector. Servicios de interpretaci\u00f3n y gesti\u00f3n de sala para webinars y reuniones a trav\u00e9s de la...","protected":false},"author":1,"featured_media":0,"parent":0,"menu_order":0,"comment_status":"closed","ping_status":"closed","template":"","meta":{"_acf_changed":false,"footnotes":""},"class_list":["post-175","page","type-page","status-publish","hentry"],"acf":[],"_links":{"self":[{"href":"https:\/\/keez.eus\/es\/wp-json\/wp\/v2\/pages\/175","targetHints":{"allow":["GET"]}}],"collection":[{"href":"https:\/\/keez.eus\/es\/wp-json\/wp\/v2\/pages"}],"about":[{"href":"https:\/\/keez.eus\/es\/wp-json\/wp\/v2\/types\/page"}],"author":[{"embeddable":true,"href":"https:\/\/keez.eus\/es\/wp-json\/wp\/v2\/users\/1"}],"replies":[{"embeddable":true,"href":"https:\/\/keez.eus\/es\/wp-json\/wp\/v2\/comments?post=175"}],"version-history":[{"count":4,"href":"https:\/\/keez.eus\/es\/wp-json\/wp\/v2\/pages\/175\/revisions"}],"predecessor-version":[{"id":205,"href":"https:\/\/keez.eus\/es\/wp-json\/wp\/v2\/pages\/175\/revisions\/205"}],"wp:attachment":[{"href":"https:\/\/keez.eus\/es\/wp-json\/wp\/v2\/media?parent=175"}],"curies":[{"name":"wp","href":"https:\/\/api.w.org\/{rel}","templated":true}]}}